{"id":10,"date":"2015-02-18T10:12:44","date_gmt":"2015-02-18T09:12:44","guid":{"rendered":"http:\/\/foerderverein-zahntechnik.de\/?page_id=10"},"modified":"2024-09-27T17:06:22","modified_gmt":"2024-09-27T15:06:22","slug":"startseite","status":"publish","type":"page","link":"https:\/\/foerderverein-zahntechnik.de\/","title":{"rendered":"Startseite"},"content":{"rendered":"<p style=\"text-align: center;\"><img loading=\"lazy\" decoding=\"async\" class=\"aligncenter wp-image-341 size-full\" src=\"https:\/\/foerderverein-zahntechnik.de\/wp-content\/uploads\/2019\/11\/Foerdervereinzahntechnikerregensburg.jpg\" alt=\"\" width=\"590\" height=\"446\" srcset=\"https:\/\/foerderverein-zahntechnik.de\/wp-content\/uploads\/2019\/11\/Foerdervereinzahntechnikerregensburg.jpg 590w, https:\/\/foerderverein-zahntechnik.de\/wp-content\/uploads\/2019\/11\/Foerdervereinzahntechnikerregensburg-300x227.jpg 300w, https:\/\/foerderverein-zahntechnik.de\/wp-content\/uploads\/2019\/11\/Foerdervereinzahntechnikerregensburg-100x76.jpg 100w, https:\/\/foerderverein-zahntechnik.de\/wp-content\/uploads\/2019\/11\/Foerdervereinzahntechnikerregensburg-150x113.jpg 150w, https:\/\/foerderverein-zahntechnik.de\/wp-content\/uploads\/2019\/11\/Foerdervereinzahntechnikerregensburg-200x151.jpg 200w, https:\/\/foerderverein-zahntechnik.de\/wp-content\/uploads\/2019\/11\/Foerdervereinzahntechnikerregensburg-450x340.jpg 450w\" sizes=\"auto, (max-width: 590px) 100vw, 590px\" \/><\/p>\n<p style=\"text-align: center;\">Der Verein betreibt ehrenamtlich und gemeinn\u00fctzig Fortbildung, Weiterbildung und Ausbildung auf breiter Ebene.<\/p>\n<p style=\"text-align: center;\">&nbsp;Den beruflichen Nachwuchs zu f\u00f6rdern und zu unterst\u00fctzen, ist uns ein gro\u00dfes Bed\u00fcrfnis und liegt uns sehr am Herzen.<\/p>\n<p style=\"text-align: center;\">Wir engagieren uns in der \u00d6ffentlichkeitsarbeit, unterst\u00fctzten zahntechnische und zahnmedizinische Aktionen und Aktivit\u00e4ten.<\/p>\n","protected":false},"excerpt":{"rendered":"<p style=\"text-align: center;\"><img loading=\"lazy\" decoding=\"async\" class=\"aligncenter wp-image-341 size-full\" src=\"https:\/\/foerderverein-zahntechnik.de\/wp-content\/uploads\/2019\/11\/Foerdervereinzahntechnikerregensburg.jpg\" alt=\"\" width=\"590\" height=\"446\" srcset=\"https:\/\/foerderverein-zahntechnik.de\/wp-content\/uploads\/2019\/11\/Foerdervereinzahntechnikerregensburg.jpg 590w, https:\/\/foerderverein-zahntechnik.de\/wp-content\/uploads\/2019\/11\/Foerdervereinzahntechnikerregensburg-300x227.jpg 300w, https:\/\/foerderverein-zahntechnik.de\/wp-content\/uploads\/2019\/11\/Foerdervereinzahntechnikerregensburg-100x76.jpg 100w, https:\/\/foerderverein-zahntechnik.de\/wp-content\/uploads\/2019\/11\/Foerdervereinzahntechnikerregensburg-150x113.jpg 150w, https:\/\/foerderverein-zahntechnik.de\/wp-content\/uploads\/2019\/11\/Foerdervereinzahntechnikerregensburg-200x151.jpg 200w, https:\/\/foerderverein-zahntechnik.de\/wp-content\/uploads\/2019\/11\/Foerdervereinzahntechnikerregensburg-450x340.jpg 450w\" sizes=\"auto, (max-width: 590px) 100vw, 590px\" \/><\/p>\n<p style=\"text-align: center;\">Der Verein betreibt ehrenamtlich und gemeinn\u00fctzig Fortbildung, Weiterbildung und Ausbildung auf breiter Ebene.<\/p>\n<p style=\"text-align: center;\">&nbsp;Den beruflichen Nachwuchs zu f\u00f6rdern und zu unterst\u00fctzen, ist uns ein gro\u00dfes Bed\u00fcrfnis und liegt uns sehr am Herzen.<\/p>\n<p style=\"text-align: center;\">Wir engagieren uns in der \u00d6ffentlichkeitsarbeit,<\/p>\n<p><span class=\"ellipsis\">&hellip;<\/span><\/p>\n<div class=\"read-more\"><a href=\"https:\/\/foerderverein-zahntechnik.de\/\">Weiterlesen &#8250;<\/a><\/div>\n<p><!-- end of .read-more --><\/p>\n","protected":false},"author":2,"featured_media":0,"parent":0,"menu_order":0,"comment_status":"closed","ping_status":"closed","template":"full-width-page.php","meta":{"footnotes":""},"class_list":["post-10","page","type-page","status-publish","hentry"],"_links":{"self":[{"href":"https:\/\/foerderverein-zahntechnik.de\/index.php\/wp-json\/wp\/v2\/pages\/10","targetHints":{"allow":["GET"]}}],"collection":[{"href":"https:\/\/foerderverein-zahntechnik.de\/index.php\/wp-json\/wp\/v2\/pages"}],"about":[{"href":"https:\/\/foerderverein-zahntechnik.de\/index.php\/wp-json\/wp\/v2\/types\/page"}],"author":[{"embeddable":true,"href":"https:\/\/foerderverein-zahntechnik.de\/index.php\/wp-json\/wp\/v2\/users\/2"}],"replies":[{"embeddable":true,"href":"https:\/\/foerderverein-zahntechnik.de\/index.php\/wp-json\/wp\/v2\/comments?post=10"}],"version-history":[{"count":2,"href":"https:\/\/foerderverein-zahntechnik.de\/index.php\/wp-json\/wp\/v2\/pages\/10\/revisions"}],"predecessor-version":[{"id":464,"href":"https:\/\/foerderverein-zahntechnik.de\/index.php\/wp-json\/wp\/v2\/pages\/10\/revisions\/464"}],"wp:attachment":[{"href":"https:\/\/foerderverein-zahntechnik.de\/index.php\/wp-json\/wp\/v2\/media?parent=10"}],"curies":[{"name":"wp","href":"https:\/\/api.w.org\/{rel}","templated":true}]}}